{"id":1594,"date":"2019-05-01T06:34:00","date_gmt":"2019-05-01T06:34:00","guid":{"rendered":"http:\/\/www.friseurinnung-darmstadt.de\/cms\/?page_id=1594"},"modified":"2019-05-01T06:36:12","modified_gmt":"2019-05-01T06:36:12","slug":"hommel-friseurteam","status":"publish","type":"page","link":"http:\/\/www.friseurinnung-darmstadt.de\/cms\/?page_id=1594","title":{"rendered":"Hommel-Friseurteam"},"content":{"rendered":"\n<p>Hommel-Friseurteam<br>Inh.: Simone Hommel-Sch\u00e4fer<\/p>\n\n\n\n<p>Stiftstra\u00dfe 45<br>64367 M\u00fchltal <br>Tel.: 0 61 51 \/ 14 52 65<\/p>\n\n\n\n<p><a href=\"info@hommel-friseurteam.de\">E-mail <\/a><br><a href=\"http:\/\/www.hommel-friseurteam.de\">Internet <\/a><\/p>\n\n\n\n<p>\u00d6ffnungszeiten: <br>Dienstag bis Freitag 9h bis 19h <br>Samstag 9h bis 14h <br>Montag Ruhetag <\/p>\n\n\n\n<p>Leistungen: <br>Damen, Herren, Kinder, <br>L\u00b4oreal Color Xpert<br>Painting<br>Balayage<br>Str\u00e4hnen<br>Glossing<br>verschiedene Farbtechniken<br>Brautstyling <br>Hochsteckfrisuren und Brautfrisuren, <br>Dauerwelle<br>Volumenwelle<br>Kerastase Salon<\/p>\n","protected":false},"excerpt":{"rendered":"<p>Hommel-FriseurteamInh.: Simone Hommel-Sch\u00e4fer Stiftstra\u00dfe 4564367 M\u00fchltal Tel.: 0 61 51 \/ 14 52 65 E-mail Internet \u00d6ffnungszeiten: Dienstag bis Freitag 9h bis 19h Samstag 9h bis 14h Montag Ruhetag Leistungen: Damen, Herren, Kinder, L\u00b4oreal Color XpertPaintingBalayageStr\u00e4hnenGlossingverschiedene FarbtechnikenBrautstyling Hochsteckfrisuren und Brautfrisuren, DauerwelleVolumenwelleKerastase Salon<\/p>\n","protected":false},"author":1,"featured_media":0,"parent":426,"menu_order":0,"comment_status":"closed","ping_status":"closed","template":"","meta":{"footnotes":""},"class_list":["post-1594","page","type-page","status-publish","hentry"],"_links":{"self":[{"href":"http:\/\/www.friseurinnung-darmstadt.de\/cms\/index.php?rest_route=\/wp\/v2\/pages\/1594"}],"collection":[{"href":"http:\/\/www.friseurinnung-darmstadt.de\/cms\/index.php?rest_route=\/wp\/v2\/pages"}],"about":[{"href":"http:\/\/www.friseurinnung-darmstadt.de\/cms\/index.php?rest_route=\/wp\/v2\/types\/page"}],"author":[{"embeddable":true,"href":"http:\/\/www.friseurinnung-darmstadt.de\/cms\/index.php?rest_route=\/wp\/v2\/users\/1"}],"replies":[{"embeddable":true,"href":"http:\/\/www.friseurinnung-darmstadt.de\/cms\/index.php?rest_route=%2Fwp%2Fv2%2Fcomments&post=1594"}],"version-history":[{"count":1,"href":"http:\/\/www.friseurinnung-darmstadt.de\/cms\/index.php?rest_route=\/wp\/v2\/pages\/1594\/revisions"}],"predecessor-version":[{"id":1595,"href":"http:\/\/www.friseurinnung-darmstadt.de\/cms\/index.php?rest_route=\/wp\/v2\/pages\/1594\/revisions\/1595"}],"up":[{"embeddable":true,"href":"http:\/\/www.friseurinnung-darmstadt.de\/cms\/index.php?rest_route=\/wp\/v2\/pages\/426"}],"wp:attachment":[{"href":"http:\/\/www.friseurinnung-darmstadt.de\/cms\/index.php?rest_route=%2Fwp%2Fv2%2Fmedia&parent=1594"}],"curies":[{"name":"wp","href":"https:\/\/api.w.org\/{rel}","templated":true}]}}