{"id":2,"date":"2010-03-11T12:36:36","date_gmt":"2010-03-11T12:36:36","guid":{"rendered":"http:\/\/www.friseurinnung-darmstadt.de\/cms\/?page_id=2"},"modified":"2026-04-10T19:04:42","modified_gmt":"2026-04-10T19:04:42","slug":"eine-seite","status":"publish","type":"page","link":"http:\/\/www.friseurinnung-darmstadt.de\/cms\/","title":{"rendered":"Herzlich Willkommen"},"content":{"rendered":"<p style=\"text-align: left;\">auf der Internetseite der Friseur- und Kosmetik Innung Darmstadt Stadt und Land, der Berufsstandvertretung des Friseurhandwerk in Darmstadt, K\u00f6rperschaft des \u00d6ffentlichen Rechts\u00a0 und eine der gr\u00f6\u00dften Innungen der Kreishandwerkerschaft Darmstadt-Land.<br \/>Seit 1872 der freiwillige Zusammenschluss von selbstst\u00e4ndigen Friseurbetrieben.<\/p>\n<p><strong>B\u00fcrozeiten des Innungsb\u00fcros:\u00a0<\/strong><br \/>Das Innungsb\u00fcro ist montags von 9 Uhr bis 12 Uhr ge\u00f6ffnet und auch nur montags in dieser Zeit telefonisch erreichbar unter<br \/>Tel. 06151 \u2013 314400.<br \/><strong>E-Mail Adresse: <a href=\"mailto:friseurinnung-@t-online.de\">friseurinnung-@t-online.de<\/a><\/strong><br \/>Bei Fragen steht neben OM Elke Hoinkis\u00a0 Di-Fr von 9 Bis 17 Uhr unter 06151-23432 auch die Gesch\u00e4ftsstelle des LIV Friseurhandwerk Hessen unter Leitung von Gesch\u00e4ftsf\u00fchrer<br \/>Rene Hain zur Verf\u00fcgung. Mo.-Fr. von 8.30 bis 17 Uhr unter der<br \/>Rufnummer 06181-5021290<br \/><strong>oder per Email: <a href=\"mailto:info@friseurhandwerk.de\">info@friseurhandwerk.de<\/a><\/p>\n<p><\/strong><strong>Der Vorstand<\/strong><\/p>\n<div>OM Me. Elke Hoinkis,\u00a0<\/p>\n<div>Stv. OM Me. Natascha Delrue<\/div>\n<div>Stv. OM Me. Jutta Lehmann\u00a0<\/div>\n<div>Lehrlingswartin Me. Alexandra Schleifer<\/div>\n<div>Gesellenausschuss Me. Marc Abt, Anika Haase, Ayline Basile\u00a0<\/div>\n<\/div>\n\n\n<figure class=\"wp-block-image size-large\"><a href=\"https:\/\/www.friseurinnung-darmstadt.de\/cms\/wp-content\/uploads\/2026\/04\/2026-Fashionvision-Vorankuendigung.jpg\"><img loading=\"lazy\" decoding=\"async\" width=\"676\" height=\"1024\" src=\"https:\/\/www.friseurinnung-darmstadt.de\/cms\/wp-content\/uploads\/2026\/04\/2026-Fashionvision-Vorankuendigung-676x1024.jpg\" alt=\"\" class=\"wp-image-1976\" srcset=\"http:\/\/www.friseurinnung-darmstadt.de\/cms\/wp-content\/uploads\/2026\/04\/2026-Fashionvision-Vorankuendigung-676x1024.jpg 676w, http:\/\/www.friseurinnung-darmstadt.de\/cms\/wp-content\/uploads\/2026\/04\/2026-Fashionvision-Vorankuendigung-198x300.jpg 198w, http:\/\/www.friseurinnung-darmstadt.de\/cms\/wp-content\/uploads\/2026\/04\/2026-Fashionvision-Vorankuendigung-768x1163.jpg 768w, http:\/\/www.friseurinnung-darmstadt.de\/cms\/wp-content\/uploads\/2026\/04\/2026-Fashionvision-Vorankuendigung.jpg 800w\" sizes=\"(max-width: 676px) 100vw, 676px\" \/><\/a><\/figure>\n","protected":false},"excerpt":{"rendered":"<p>auf der Internetseite der Friseur- und Kosmetik Innung Darmstadt Stadt und Land, der Berufsstandvertretung des Friseurhandwerk in Darmstadt, K\u00f6rperschaft des \u00d6ffentlichen Rechts\u00a0 und eine der gr\u00f6\u00dften Innungen der Kreishandwerkerschaft Darmstadt-Land.Seit 1872 der freiwillige Zusammenschluss von selbstst\u00e4ndigen Friseurbetrieben. B\u00fcrozeiten des Innungsb\u00fcros:\u00a0Das Innungsb\u00fcro ist montags von 9 Uhr bis 12 Uhr ge\u00f6ffnet und auch nur montags in [&hellip;]<\/p>\n","protected":false},"author":1,"featured_media":0,"parent":0,"menu_order":1,"comment_status":"closed","ping_status":"closed","template":"","meta":{"footnotes":""},"class_list":["post-2","page","type-page","status-publish","hentry"],"_links":{"self":[{"href":"http:\/\/www.friseurinnung-darmstadt.de\/cms\/index.php?rest_route=\/wp\/v2\/pages\/2"}],"collection":[{"href":"http:\/\/www.friseurinnung-darmstadt.de\/cms\/index.php?rest_route=\/wp\/v2\/pages"}],"about":[{"href":"http:\/\/www.friseurinnung-darmstadt.de\/cms\/index.php?rest_route=\/wp\/v2\/types\/page"}],"author":[{"embeddable":true,"href":"http:\/\/www.friseurinnung-darmstadt.de\/cms\/index.php?rest_route=\/wp\/v2\/users\/1"}],"replies":[{"embeddable":true,"href":"http:\/\/www.friseurinnung-darmstadt.de\/cms\/index.php?rest_route=%2Fwp%2Fv2%2Fcomments&post=2"}],"version-history":[{"count":132,"href":"http:\/\/www.friseurinnung-darmstadt.de\/cms\/index.php?rest_route=\/wp\/v2\/pages\/2\/revisions"}],"predecessor-version":[{"id":1977,"href":"http:\/\/www.friseurinnung-darmstadt.de\/cms\/index.php?rest_route=\/wp\/v2\/pages\/2\/revisions\/1977"}],"wp:attachment":[{"href":"http:\/\/www.friseurinnung-darmstadt.de\/cms\/index.php?rest_route=%2Fwp%2Fv2%2Fmedia&parent=2"}],"curies":[{"name":"wp","href":"https:\/\/api.w.org\/{rel}","templated":true}]}}