{"id":29,"date":"2010-03-11T14:12:55","date_gmt":"2010-03-11T14:12:55","guid":{"rendered":"http:\/\/www.friseurinnung-darmstadt.de\/cms\/?page_id=29"},"modified":"2025-10-01T19:47:24","modified_gmt":"2025-10-01T19:47:24","slug":"der-vorstand","status":"publish","type":"page","link":"http:\/\/www.friseurinnung-darmstadt.de\/cms\/?page_id=29","title":{"rendered":"Der Vorstand"},"content":{"rendered":"<p><strong>Ihr Vorstand<\/strong><\/p>\n<p>Bei Fragen und Problemen stehen wir Ihnen gerne hilfreich zur Verf\u00fcgung.<br \/>\nBrauchen Sie eine Beratung zum Bus-Dienst, einer Schulung oder die Teilnahme an einem erste Hilfe Kurs inklusive entsprechender Bescheinigung? Wollen Sie unseren Meisterkurs besuchen und im Anschluss die Meisterpr\u00fcfung bei der HWK Rhein-Main ablegen oder den Fachbeirat aktiv unterst\u00fctzen, und die Chance nutzen mit auf der B\u00fchne zu stehen und zu arbeiten?<br \/>\nRufen Sie uns an!<\/p>\n<p><strong><em>Gesch\u00e4ftsstelle:<\/em><\/strong><\/p>\n<p>Friseur- u. Kosmetik- Innung Darmstadt Stadt und Land<br \/>\nFritz-Bauer-Stra\u00dfe 1, 64295 Darmstadt<br \/>\nTel. 06151-314400<br \/>\nFax 06151-33484<br \/>\n<a href=\"mailto:friseurinnung-@t-online.de\">e-mail<\/a><\/p>\n<p>Regelm\u00e4\u00dfige B\u00fcrozeiten:\u00a0 Montags von 9 Uhr bis 12 Uhr \u00a0oder vereinbaren Sie einfach einen Termin.<\/p>\n<p><strong>\u00a0<\/strong><\/p>\n<table>\n<tbody>\n<tr>\n<td><strong><span style=\"text-decoration: underline;\">Obermeisterin<br \/>\n<\/span>Me. Elke Hoinkis,<\/strong><br \/>\nFriseursalon Kanzler-Hoinkis,\u00a0 Darmstadt<br \/>\nTel.: 0 61 51-23 43 2<br \/>\n<a href=\"mailto:friseurinnung-@t-online.de\">e-mail<\/a><br \/>\n<strong>Ressorts:<\/strong> Gesch\u00e4ftsf\u00fchrung \u2013 Rechtliches \u2013 Schule \u2013 Meisterkurs \u2013 Veranstaltungen Senioren<small><small><small><small><small><\/small><\/small><\/small><\/small><\/small><\/td>\n<td>\n<p style=\"text-align: center;\"><a href=\"http:\/\/www.friseurinnung-darmstadt.de\/cms\/wp-content\/uploads\/2024\/11\/IMG_1085-rotated.jpg\"><img loading=\"lazy\" decoding=\"async\" class=\"aligncenter size-thumbnail wp-image-1907\" src=\"http:\/\/www.friseurinnung-darmstadt.de\/cms\/wp-content\/uploads\/2024\/11\/IMG_1085-150x150.jpg\" alt=\"\" width=\"150\" height=\"150\" \/><\/a><\/p>\n<\/td>\n<\/tr>\n<tr>\n<td><strong>Vorstand<\/strong><br \/>\nStv. OM Me. Natascha Delrue<br \/>\nStv. OM Me. Jutta Lehmann<\/td>\n<td>\n<p style=\"text-align: center;\">\n<\/td>\n<\/tr>\n<tr>\n<td>\n<div><strong><u>Lehrlingswartin<\/u><br \/>\nMe. Alexandra Schleifer<br \/>\n<\/strong>Kontakt Montags \u00fcber das Innungsb\u00fcro<\/div>\n<\/td>\n<td>\n<p style=\"text-align: center;\">\n<\/td>\n<\/tr>\n<tr>\n<td><strong>Gesellenausschuss:<\/strong>\u00a0Me. Marc Abt, Anika Haase, Ayline Basile<\/td>\n<td><\/td>\n<\/tr>\n<tr>\n<td>\n<div><\/div>\n<\/td>\n<td><\/td>\n<\/tr>\n<tr>\n<td><strong><u>Weitere Vorstandsmitglieder:<\/u><\/strong><br \/>\n<strong><strong><br \/>\n<u>Fachbeiratsleiter<br \/>\n<\/u><\/strong><strong><u><br \/>\n<\/u><\/strong><\/strong><strong><strong><br \/>\n<u>Gesellenausschussvorsitzender<br \/>\n<\/u><\/strong>Me. Marc Abt<\/strong><\/td>\n<td><\/td>\n<\/tr>\n<tr>\n<td>\n<table>\n<tbody>\n<tr>\n<td><strong><u>Fachbeirat<\/u><\/strong><strong><br \/>\nRessort:<\/strong> <strong>Themenabende, Informationsveranstaltungen<br \/>\nDamenfach Me. Angelo Basile (Fachbeiratsleiter)<\/strong><br \/>\n<strong>Herrenfach Me. Marc Abt<\/strong><br \/>\n<strong>Kosmetik Me. Veronika Baldewein<\/strong><\/td>\n<td><\/td>\n<\/tr>\n<tr>\n<td><strong><u>\u00a0<\/u><\/strong><\/td>\n<td><\/td>\n<\/tr>\n<tr>\n<td><strong><u>\u00a0<\/u><\/strong><\/td>\n<\/tr>\n<\/tbody>\n<\/table>\n<\/td>\n<td><\/td>\n<\/tr>\n<tr>\n<td><strong><u>Kassenpr\u00fcfer\/in:<br \/>\n<\/u>Simone Hommel-Sch\u00e4fer<\/strong><br \/>\n<strong>Reza M. Yousefi<\/strong><\/td>\n<td><\/td>\n<\/tr>\n<tr>\n<td><\/td>\n<td><\/td>\n<\/tr>\n<tr>\n<td><\/td>\n<td><\/td>\n<\/tr>\n<tr>\n<td><\/td>\n<td><\/td>\n<\/tr>\n<tr>\n<td><\/td>\n<td><\/td>\n<\/tr>\n<tr>\n<td><\/td>\n<td><\/td>\n<\/tr>\n<\/tbody>\n<\/table>\n<p><strong><em>\u00a0<\/em><\/strong><\/p>\n","protected":false},"excerpt":{"rendered":"<p>Ihr Vorstand Bei Fragen und Problemen stehen wir Ihnen gerne hilfreich zur Verf\u00fcgung. Brauchen Sie eine Beratung zum Bus-Dienst, einer Schulung oder die Teilnahme an einem erste Hilfe Kurs inklusive entsprechender Bescheinigung? Wollen Sie unseren Meisterkurs besuchen und im Anschluss die Meisterpr\u00fcfung bei der HWK Rhein-Main ablegen oder den Fachbeirat aktiv unterst\u00fctzen, und die Chance [&hellip;]<\/p>\n","protected":false},"author":1,"featured_media":0,"parent":0,"menu_order":4,"comment_status":"closed","ping_status":"closed","template":"","meta":{"footnotes":""},"class_list":["post-29","page","type-page","status-publish","hentry"],"_links":{"self":[{"href":"http:\/\/www.friseurinnung-darmstadt.de\/cms\/index.php?rest_route=\/wp\/v2\/pages\/29"}],"collection":[{"href":"http:\/\/www.friseurinnung-darmstadt.de\/cms\/index.php?rest_route=\/wp\/v2\/pages"}],"about":[{"href":"http:\/\/www.friseurinnung-darmstadt.de\/cms\/index.php?rest_route=\/wp\/v2\/types\/page"}],"author":[{"embeddable":true,"href":"http:\/\/www.friseurinnung-darmstadt.de\/cms\/index.php?rest_route=\/wp\/v2\/users\/1"}],"replies":[{"embeddable":true,"href":"http:\/\/www.friseurinnung-darmstadt.de\/cms\/index.php?rest_route=%2Fwp%2Fv2%2Fcomments&post=29"}],"version-history":[{"count":76,"href":"http:\/\/www.friseurinnung-darmstadt.de\/cms\/index.php?rest_route=\/wp\/v2\/pages\/29\/revisions"}],"predecessor-version":[{"id":1971,"href":"http:\/\/www.friseurinnung-darmstadt.de\/cms\/index.php?rest_route=\/wp\/v2\/pages\/29\/revisions\/1971"}],"wp:attachment":[{"href":"http:\/\/www.friseurinnung-darmstadt.de\/cms\/index.php?rest_route=%2Fwp%2Fv2%2Fmedia&parent=29"}],"curies":[{"name":"wp","href":"https:\/\/api.w.org\/{rel}","templated":true}]}}