{"id":426,"date":"2010-11-10T09:44:20","date_gmt":"2010-11-10T09:44:20","guid":{"rendered":"http:\/\/www.friseurinnung-darmstadt.de\/cms\/?page_id=426"},"modified":"2025-10-01T18:02:19","modified_gmt":"2025-10-01T18:02:19","slug":"test","status":"publish","type":"page","link":"http:\/\/www.friseurinnung-darmstadt.de\/cms\/?page_id=426","title":{"rendered":"Innungsmitglieder"},"content":{"rendered":"<p>&nbsp;<\/p>\n<ul>\n<li><a href=\"http:\/\/www.friseurinnung-darmstadt.de\/cms\/?page_id=447\" target=\"_self\" rel=\"noopener noreferrer\">Friseur Haargenau, Griesheim<\/a><\/li>\n<li><a href=\"http:\/\/www.friseurinnung-darmstadt.de\/cms\/?page_id=540\" target=\"_self\" rel=\"noopener noreferrer\">Friseur Thieme-Bein OHG, Darmstadt<\/a><\/li>\n<li><a href=\"http:\/\/www.friseurinnung-darmstadt.de\/cms\/?page_id=431\">Friseur Witte, Ro\u00dfdorf<\/a><\/li>\n<li><a href=\"http:\/\/www.friseurinnung-darmstadt.de\/cms\/?page_id=1798\">Friseursalon Angelika, Darmstadt<\/a><\/li>\n<li><a href=\"http:\/\/www.friseurinnung-darmstadt.de\/cms\/?page_id=703\" target=\"_self\" rel=\"noopener noreferrer\">Friseur Yousefi, Ro\u00dfdorf<\/a><\/li>\n<li><a href=\"http:\/\/www.friseurinnung-darmstadt.de\/cms\/?page_id=509\" target=\"_self\" rel=\"noopener noreferrer\">Friseursalon Kanzler-Hoinkis,Darmstadt<\/a><\/li>\n<li><a href=\"http:\/\/www.friseurinnung-darmstadt.de\/cms\/?page_id=556\" target=\"_self\" rel=\"noopener noreferrer\">Fris\u00f6r Philipps, Darmstadt<\/a><\/li>\n<li><a href=\"http:\/\/www.friseurinnung-darmstadt.de\/cms\/?page_id=500\" target=\"_self\" rel=\"noopener noreferrer\">Haar System Parejo, Darmstadt<\/a><\/li>\n<li><a href=\"http:\/\/www.friseurinnung-darmstadt.de\/cms\/?page_id=532\" target=\"_self\" rel=\"noopener noreferrer\">Haare Mittmann, Darmstadt, Griesheim<\/a><\/li>\n<li><a href=\"http:\/\/www.friseurinnung-darmstadt.de\/cms\/?page_id=695\">Haarstudio Braungardt, Modau<\/a><\/li>\n<li><a href=\"http:\/\/www.friseurinnung-darmstadt.de\/cms\/?page_id=717\" target=\"_self\" rel=\"noopener noreferrer\">Hair&amp;Beauty Biosthetik G\u00e4rtner<\/a><\/li>\n<li><a href=\"http:\/\/www.friseurinnung-darmstadt.de\/cms\/?page_id=746\" target=\"_self\" rel=\"noopener noreferrer\">Hairstyling Modau, Modau<\/a><\/li>\n<li><a href=\"http:\/\/www.friseurinnung-darmstadt.de\/cms\/?page_id=1594\">Hommel-Friseurteam<\/a><\/li>\n<li><a href=\"http:\/\/www.friseurinnung-darmstadt.de\/cms\/?page_id=706\" target=\"_self\" rel=\"noopener noreferrer\">Inka G\u00f6rsch, Griesheim<\/a><\/li>\n<li><a href=\"http:\/\/www.friseurinnung-darmstadt.de\/cms\/?page_id=1590\">MP Hairstyle by Maja Panvini<\/a><\/li>\n<li><a href=\"http:\/\/www.friseurinnung-darmstadt.de\/cms\/?page_id=1602\">Pietro Stuppiello HAIRCREW<\/a><\/li>\n<li><a href=\"http:\/\/www.friseurinnung-darmstadt.de\/cms\/?page_id=477\" target=\"_self\" rel=\"noopener noreferrer\">Salon Ren\u00e9, Erzhausen<\/a><\/li>\n<li><a href=\"http:\/\/www.friseurinnung-darmstadt.de\/cms\/?page_id=1532&amp;preview=true\">Sonjas Friseur Laden, Darmstadt<\/a><\/li>\n<li><a href=\"http:\/\/www.friseurinnung-darmstadt.de\/cms\/?page_id=551\" target=\"_self\" rel=\"noopener noreferrer\">Steinmetz-Schmidt&amp;Schmidt GmbH, Darmstadt<\/a><\/li>\n<li><a href=\"http:\/\/www.friseurinnung-darmstadt.de\/cms\/?page_id=504\" target=\"_self\" rel=\"noopener noreferrer\">Ute\u00b4s Haarstudio, Darmstadt<\/a><\/li>\n<li><a href=\"http:\/\/www.friseurinnung-darmstadt.de\/cms\/?page_id=699\" target=\"_self\" rel=\"noopener noreferrer\">Veihl\u00b4s Haarkunst, Seeheim-Jugenheim<\/a><\/li>\n<li><a href=\"http:\/\/www.friseurinnung-darmstadt.de\/cms\/?page_id=459\" target=\"_self\" rel=\"noopener noreferrer\">Wolf&amp;Wolf Friseure, Darmstadt<\/a><\/li>\n<\/ul>\n","protected":false},"excerpt":{"rendered":"<p>&nbsp; Friseur Haargenau, Griesheim Friseur Thieme-Bein OHG, Darmstadt Friseur Witte, Ro\u00dfdorf Friseursalon Angelika, Darmstadt Friseur Yousefi, Ro\u00dfdorf Friseursalon Kanzler-Hoinkis,Darmstadt Fris\u00f6r Philipps, Darmstadt Haar System Parejo, Darmstadt Haare Mittmann, Darmstadt, Griesheim Haarstudio Braungardt, Modau Hair&amp;Beauty Biosthetik G\u00e4rtner Hairstyling Modau, Modau Hommel-Friseurteam Inka G\u00f6rsch, Griesheim MP Hairstyle by Maja Panvini Pietro Stuppiello HAIRCREW Salon Ren\u00e9, Erzhausen Sonjas [&hellip;]<\/p>\n","protected":false},"author":1,"featured_media":0,"parent":0,"menu_order":9,"comment_status":"closed","ping_status":"closed","template":"","meta":{"footnotes":""},"class_list":["post-426","page","type-page","status-publish","hentry"],"_links":{"self":[{"href":"http:\/\/www.friseurinnung-darmstadt.de\/cms\/index.php?rest_route=\/wp\/v2\/pages\/426"}],"collection":[{"href":"http:\/\/www.friseurinnung-darmstadt.de\/cms\/index.php?rest_route=\/wp\/v2\/pages"}],"about":[{"href":"http:\/\/www.friseurinnung-darmstadt.de\/cms\/index.php?rest_route=\/wp\/v2\/types\/page"}],"author":[{"embeddable":true,"href":"http:\/\/www.friseurinnung-darmstadt.de\/cms\/index.php?rest_route=\/wp\/v2\/users\/1"}],"replies":[{"embeddable":true,"href":"http:\/\/www.friseurinnung-darmstadt.de\/cms\/index.php?rest_route=%2Fwp%2Fv2%2Fcomments&post=426"}],"version-history":[{"count":44,"href":"http:\/\/www.friseurinnung-darmstadt.de\/cms\/index.php?rest_route=\/wp\/v2\/pages\/426\/revisions"}],"predecessor-version":[{"id":1968,"href":"http:\/\/www.friseurinnung-darmstadt.de\/cms\/index.php?rest_route=\/wp\/v2\/pages\/426\/revisions\/1968"}],"wp:attachment":[{"href":"http:\/\/www.friseurinnung-darmstadt.de\/cms\/index.php?rest_route=%2Fwp%2Fv2%2Fmedia&parent=426"}],"curies":[{"name":"wp","href":"https:\/\/api.w.org\/{rel}","templated":true}]}}