{"id":540,"date":"2010-11-16T10:54:54","date_gmt":"2010-11-16T10:54:54","guid":{"rendered":"http:\/\/www.friseurinnung-darmstadt.de\/cms\/?page_id=540"},"modified":"2010-11-24T09:46:51","modified_gmt":"2010-11-24T09:46:51","slug":"friseur-thieme-bein-ohg","status":"publish","type":"page","link":"http:\/\/www.friseurinnung-darmstadt.de\/cms\/?page_id=540","title":{"rendered":"Friseur Thieme-Bein"},"content":{"rendered":"<p><strong>Firma Thieme-Bein OHG<br \/>\n<\/strong>Inh.: Steffen Bein und Marcus Bein<\/p>\n<p>Wilhelminenstra\u00dfe 27,<br \/>\n64283 Darmstadt<\/p>\n<p>Tel.: 0 61 51 \/ 17 86 0<br \/>\n<a href=\"mailto:steffen.bein@friseur-thieme.de\">E-mail<\/a><br \/>\n<a href=\"http:\/\/www.friseur-thieme.de\/\" target=\"_blank\">Internet<\/a><\/p>\n<p><strong><span style=\"text-decoration: underline;\">\u00d6ffnungszeiten:<br \/>\n<\/span><\/strong>Montag bis Samstag 9h bis 18h<\/p>\n<p><strong><span style=\"text-decoration: underline;\">Leistungen:<br \/>\n<\/span><\/strong>Damen, Herren, Kinder,<br \/>\nDauerwelle,<br \/>\nHaarfarbe und Str\u00e4hnen,<br \/>\nHaarverl\u00e4ngerung und Verdichtung,<br \/>\nHochsteck- und Brautfrisuren,<br \/>\nHausbesuche.<\/p>\n","protected":false},"excerpt":{"rendered":"<p>Firma Thieme-Bein OHG Inh.: Steffen Bein und Marcus Bein Wilhelminenstra\u00dfe 27, 64283 Darmstadt Tel.: 0 61 51 \/ 17 86 0 E-mail Internet \u00d6ffnungszeiten: Montag bis Samstag 9h bis 18h Leistungen: Damen, Herren, Kinder, Dauerwelle, Haarfarbe und Str\u00e4hnen, Haarverl\u00e4ngerung und Verdichtung, Hochsteck- und Brautfrisuren, Hausbesuche.<\/p>\n","protected":false},"author":1,"featured_media":0,"parent":426,"menu_order":0,"comment_status":"closed","ping_status":"closed","template":"","meta":{"footnotes":""},"class_list":["post-540","page","type-page","status-publish","hentry"],"_links":{"self":[{"href":"http:\/\/www.friseurinnung-darmstadt.de\/cms\/index.php?rest_route=\/wp\/v2\/pages\/540"}],"collection":[{"href":"http:\/\/www.friseurinnung-darmstadt.de\/cms\/index.php?rest_route=\/wp\/v2\/pages"}],"about":[{"href":"http:\/\/www.friseurinnung-darmstadt.de\/cms\/index.php?rest_route=\/wp\/v2\/types\/page"}],"author":[{"embeddable":true,"href":"http:\/\/www.friseurinnung-darmstadt.de\/cms\/index.php?rest_route=\/wp\/v2\/users\/1"}],"replies":[{"embeddable":true,"href":"http:\/\/www.friseurinnung-darmstadt.de\/cms\/index.php?rest_route=%2Fwp%2Fv2%2Fcomments&post=540"}],"version-history":[{"count":8,"href":"http:\/\/www.friseurinnung-darmstadt.de\/cms\/index.php?rest_route=\/wp\/v2\/pages\/540\/revisions"}],"predecessor-version":[{"id":544,"href":"http:\/\/www.friseurinnung-darmstadt.de\/cms\/index.php?rest_route=\/wp\/v2\/pages\/540\/revisions\/544"}],"up":[{"embeddable":true,"href":"http:\/\/www.friseurinnung-darmstadt.de\/cms\/index.php?rest_route=\/wp\/v2\/pages\/426"}],"wp:attachment":[{"href":"http:\/\/www.friseurinnung-darmstadt.de\/cms\/index.php?rest_route=%2Fwp%2Fv2%2Fmedia&parent=540"}],"curies":[{"name":"wp","href":"https:\/\/api.w.org\/{rel}","templated":true}]}}