{"id":551,"date":"2010-11-16T12:05:38","date_gmt":"2010-11-16T12:05:38","guid":{"rendered":"http:\/\/www.friseurinnung-darmstadt.de\/cms\/?page_id=551"},"modified":"2013-02-08T09:27:48","modified_gmt":"2013-02-08T09:27:48","slug":"steinmetz-schmidtschmidt-gmbh","status":"publish","type":"page","link":"http:\/\/www.friseurinnung-darmstadt.de\/cms\/?page_id=551","title":{"rendered":"Friseur Steinmetz"},"content":{"rendered":"<p><strong>Steinmetz<br \/>\n<\/strong>Inh.: Elisa Gil Cellammare<br \/>\nWilhelminenstra\u00dfe 27,<br \/>\n64283 Darmstadt<\/p>\n<p>Tel.: 0 61 51 \/ 51 06 7<br \/>\n<strong><span style=\"text-decoration: underline;\"><br \/>\n\u00d6ffnungszeiten:<br \/>\n<\/span><\/strong>Dienstag bis Freitag 9h bis 18:30h<br \/>\nSamstag 8h bis 14h<br \/>\nMontag Ruhetag<\/p>\n<p><strong><span style=\"text-decoration: underline;\">Leistungen:<br \/>\n<\/span><\/strong>Damen, Herren, Kinder,<br \/>\nDauerwelle,<br \/>\nHaarfarbe und Str\u00e4hnen,<br \/>\nHaarverl\u00e4ngerung und Verdichtung,<br \/>\nHochsteck- und Brautfrisuren,<br \/>\nKosmetik,<br \/>\nPer\u00fccken Studio.<\/p>\n","protected":false},"excerpt":{"rendered":"<p>Steinmetz Inh.: Elisa Gil Cellammare Wilhelminenstra\u00dfe 27, 64283 Darmstadt Tel.: 0 61 51 \/ 51 06 7 \u00d6ffnungszeiten: Dienstag bis Freitag 9h bis 18:30h Samstag 8h bis 14h Montag Ruhetag Leistungen: Damen, Herren, Kinder, Dauerwelle, Haarfarbe und Str\u00e4hnen, Haarverl\u00e4ngerung und Verdichtung, Hochsteck- und Brautfrisuren, Kosmetik, Per\u00fccken Studio.<\/p>\n","protected":false},"author":1,"featured_media":0,"parent":426,"menu_order":0,"comment_status":"closed","ping_status":"closed","template":"","meta":{"footnotes":""},"class_list":["post-551","page","type-page","status-publish","hentry"],"_links":{"self":[{"href":"http:\/\/www.friseurinnung-darmstadt.de\/cms\/index.php?rest_route=\/wp\/v2\/pages\/551"}],"collection":[{"href":"http:\/\/www.friseurinnung-darmstadt.de\/cms\/index.php?rest_route=\/wp\/v2\/pages"}],"about":[{"href":"http:\/\/www.friseurinnung-darmstadt.de\/cms\/index.php?rest_route=\/wp\/v2\/types\/page"}],"author":[{"embeddable":true,"href":"http:\/\/www.friseurinnung-darmstadt.de\/cms\/index.php?rest_route=\/wp\/v2\/users\/1"}],"replies":[{"embeddable":true,"href":"http:\/\/www.friseurinnung-darmstadt.de\/cms\/index.php?rest_route=%2Fwp%2Fv2%2Fcomments&post=551"}],"version-history":[{"count":12,"href":"http:\/\/www.friseurinnung-darmstadt.de\/cms\/index.php?rest_route=\/wp\/v2\/pages\/551\/revisions"}],"predecessor-version":[{"id":685,"href":"http:\/\/www.friseurinnung-darmstadt.de\/cms\/index.php?rest_route=\/wp\/v2\/pages\/551\/revisions\/685"}],"up":[{"embeddable":true,"href":"http:\/\/www.friseurinnung-darmstadt.de\/cms\/index.php?rest_route=\/wp\/v2\/pages\/426"}],"wp:attachment":[{"href":"http:\/\/www.friseurinnung-darmstadt.de\/cms\/index.php?rest_route=%2Fwp%2Fv2%2Fmedia&parent=551"}],"curies":[{"name":"wp","href":"https:\/\/api.w.org\/{rel}","templated":true}]}}