{"id":706,"date":"2010-11-24T10:27:04","date_gmt":"2010-11-24T10:27:04","guid":{"rendered":"http:\/\/www.friseurinnung-darmstadt.de\/cms\/?page_id=706"},"modified":"2010-11-24T10:31:45","modified_gmt":"2010-11-24T10:31:45","slug":"inka-gorsch","status":"publish","type":"page","link":"http:\/\/www.friseurinnung-darmstadt.de\/cms\/?page_id=706","title":{"rendered":"Inka G\u00f6rsch"},"content":{"rendered":"<p><strong>Inka G\u00f6rsch<br \/>\n<\/strong>Inh.: Inka G\u00f6rsch<\/p>\n<p>Wilhelm-Leuschner Stra\u00dfe 160B<br \/>\n34347 Griesheim<\/p>\n<p>Tel.: 0 61 55 \/ 63 37 7<br \/>\n<a href=\"mailto:kontakt@inkagoersch.de\">E-mail<\/a><br \/>\n<a href=\"http:\/\/www.inkagoersch.de\/\" target=\"_blank\">Internet<\/a><\/p>\n<p><strong><span style=\"text-decoration: underline;\">\u00d6ffnungszeiten:<br \/>\n<\/span><\/strong>Montag bis Freitag 9h bis 20h<br \/>\nSamstag 9h bis 16h<\/p>\n<p><strong><span style=\"text-decoration: underline;\">Leistungen:<br \/>\n<\/span><\/strong>Damen, Herren, Kinder,<br \/>\nDauerwelle,<br \/>\nHaarfarbe und Str\u00e4hnen,<br \/>\nHochsteckfrisuren und Brautfrisuren,<br \/>\nKosmetik,<br \/>\nSpezifische Kopfhautbehandlungen.<\/p>\n","protected":false},"excerpt":{"rendered":"<p>Inka G\u00f6rsch Inh.: Inka G\u00f6rsch Wilhelm-Leuschner Stra\u00dfe 160B 34347 Griesheim Tel.: 0 61 55 \/ 63 37 7 E-mail Internet \u00d6ffnungszeiten: Montag bis Freitag 9h bis 20h Samstag 9h bis 16h Leistungen: Damen, Herren, Kinder, Dauerwelle, Haarfarbe und Str\u00e4hnen, Hochsteckfrisuren und Brautfrisuren, Kosmetik, Spezifische Kopfhautbehandlungen.<\/p>\n","protected":false},"author":1,"featured_media":0,"parent":0,"menu_order":0,"comment_status":"closed","ping_status":"closed","template":"","meta":{"footnotes":""},"class_list":["post-706","page","type-page","status-publish","hentry"],"_links":{"self":[{"href":"http:\/\/www.friseurinnung-darmstadt.de\/cms\/index.php?rest_route=\/wp\/v2\/pages\/706"}],"collection":[{"href":"http:\/\/www.friseurinnung-darmstadt.de\/cms\/index.php?rest_route=\/wp\/v2\/pages"}],"about":[{"href":"http:\/\/www.friseurinnung-darmstadt.de\/cms\/index.php?rest_route=\/wp\/v2\/types\/page"}],"author":[{"embeddable":true,"href":"http:\/\/www.friseurinnung-darmstadt.de\/cms\/index.php?rest_route=\/wp\/v2\/users\/1"}],"replies":[{"embeddable":true,"href":"http:\/\/www.friseurinnung-darmstadt.de\/cms\/index.php?rest_route=%2Fwp%2Fv2%2Fcomments&post=706"}],"version-history":[{"count":3,"href":"http:\/\/www.friseurinnung-darmstadt.de\/cms\/index.php?rest_route=\/wp\/v2\/pages\/706\/revisions"}],"predecessor-version":[{"id":708,"href":"http:\/\/www.friseurinnung-darmstadt.de\/cms\/index.php?rest_route=\/wp\/v2\/pages\/706\/revisions\/708"}],"wp:attachment":[{"href":"http:\/\/www.friseurinnung-darmstadt.de\/cms\/index.php?rest_route=%2Fwp%2Fv2%2Fmedia&parent=706"}],"curies":[{"name":"wp","href":"https:\/\/api.w.org\/{rel}","templated":true}]}}