{"id":717,"date":"2010-12-01T12:39:04","date_gmt":"2010-12-01T12:39:04","guid":{"rendered":"http:\/\/www.friseurinnung-darmstadt.de\/cms\/?page_id=717"},"modified":"2010-12-01T12:39:40","modified_gmt":"2010-12-01T12:39:40","slug":"hairbeauty-biosthetik-gartner","status":"publish","type":"page","link":"http:\/\/www.friseurinnung-darmstadt.de\/cms\/?page_id=717","title":{"rendered":"Hair&#038;Beauty Biosthetik G\u00e4rtner"},"content":{"rendered":"<p><strong>Hair&amp;Beauty Biosthetik G\u00e4rtner<br \/>\n<\/strong>Inh. Margarete G\u00e4rtner<\/p>\n<p>Inselstra\u00dfe 21<br \/>\n64287 Darmstadt<\/p>\n<p>Tel.: 0 61 51 \/ 43 38 5<br \/>\n<a href=\"http:\/\/www.haarnet.de\/\" target=\"_blank\"><\/a><\/p>\n<p><strong>\u00d6ffnungszeiten:<br \/>\n<\/strong>Dienstag und Donnerstag 8:30h bis 18:00h<br \/>\nMittwoch 8:30h bis 13:00h<br \/>\nFreitag 8:30h bis 20:00h<br \/>\nSamstag 8:30h bis 13:00h<br \/>\nMontag und Mittwochnachmittag Ruhetag<\/p>\n<p><strong>Leistungen:<br \/>\n<\/strong>Damen, Herren, Kinder,<br \/>\nDauerwelle,<br \/>\nHaarfarbe und Str\u00e4hnen,<br \/>\nHochsteck- und Brautfrisuren,<br \/>\nKosmetik und Wellness,<br \/>\nGanzk\u00f6rpermassage.<\/p>\n","protected":false},"excerpt":{"rendered":"<p>Hair&amp;Beauty Biosthetik G\u00e4rtner Inh. Margarete G\u00e4rtner Inselstra\u00dfe 21 64287 Darmstadt Tel.: 0 61 51 \/ 43 38 5 \u00d6ffnungszeiten: Dienstag und Donnerstag 8:30h bis 18:00h Mittwoch 8:30h bis 13:00h Freitag 8:30h bis 20:00h Samstag 8:30h bis 13:00h Montag und Mittwochnachmittag Ruhetag Leistungen: Damen, Herren, Kinder, Dauerwelle, Haarfarbe und Str\u00e4hnen, Hochsteck- und Brautfrisuren, Kosmetik und Wellness, [&hellip;]<\/p>\n","protected":false},"author":1,"featured_media":0,"parent":0,"menu_order":0,"comment_status":"closed","ping_status":"closed","template":"","meta":{"footnotes":""},"class_list":["post-717","page","type-page","status-publish","hentry"],"_links":{"self":[{"href":"http:\/\/www.friseurinnung-darmstadt.de\/cms\/index.php?rest_route=\/wp\/v2\/pages\/717"}],"collection":[{"href":"http:\/\/www.friseurinnung-darmstadt.de\/cms\/index.php?rest_route=\/wp\/v2\/pages"}],"about":[{"href":"http:\/\/www.friseurinnung-darmstadt.de\/cms\/index.php?rest_route=\/wp\/v2\/types\/page"}],"author":[{"embeddable":true,"href":"http:\/\/www.friseurinnung-darmstadt.de\/cms\/index.php?rest_route=\/wp\/v2\/users\/1"}],"replies":[{"embeddable":true,"href":"http:\/\/www.friseurinnung-darmstadt.de\/cms\/index.php?rest_route=%2Fwp%2Fv2%2Fcomments&post=717"}],"version-history":[{"count":3,"href":"http:\/\/www.friseurinnung-darmstadt.de\/cms\/index.php?rest_route=\/wp\/v2\/pages\/717\/revisions"}],"predecessor-version":[{"id":720,"href":"http:\/\/www.friseurinnung-darmstadt.de\/cms\/index.php?rest_route=\/wp\/v2\/pages\/717\/revisions\/720"}],"wp:attachment":[{"href":"http:\/\/www.friseurinnung-darmstadt.de\/cms\/index.php?rest_route=%2Fwp%2Fv2%2Fmedia&parent=717"}],"curies":[{"name":"wp","href":"https:\/\/api.w.org\/{rel}","templated":true}]}}